{"id":21,"date":"2022-06-21T15:23:27","date_gmt":"2022-06-21T15:23:27","guid":{"rendered":"http:\/\/localhost\/general\/?page_id=21"},"modified":"2022-06-21T16:50:25","modified_gmt":"2022-06-21T16:50:25","slug":"%d8%a7%d8%aa%d8%b5%d9%84-%d8%a8%d9%86%d8%a7","status":"publish","type":"page","link":"https:\/\/general-agro.com\/tr\/%d8%a7%d8%aa%d8%b5%d9%84-%d8%a8%d9%86%d8%a7\/","title":{"rendered":"\u0130leti\u015fim"},"content":{"rendered":"<div data-elementor-type=\"wp-page\" data-elementor-id=\"21\" class=\"elementor elementor-21\">\n\t\t\t\t\t\t<section class=\"elementor-section elementor-top-section elementor-element elementor-element-214e5c3 elementor-section-full_width elementor-section-height-default elementor-section-height-default\" data-id=\"214e5c3\" data-element_type=\"section\">\n\t\t\t\t\t\t<div class=\"elementor-container elementor-column-gap-no\">\n\t\t\t\t\t<div class=\"elementor-column elementor-col-100 elementor-top-column elementor-element elementor-element-3f178a1\" data-id=\"3f178a1\" data-element_type=\"column\">\n\t\t\t<div class=\"elementor-widget-wrap elementor-element-populated\">\n\t\t\t\t\t\t<div class=\"elementor-element elementor-element-e85d69e elementor-widget elementor-widget-ucaddon_breadcrumb\" data-id=\"e85d69e\" data-element_type=\"widget\" data-widget_type=\"ucaddon_breadcrumb.default\">\n\t\t\t\t<div class=\"elementor-widget-container\">\n\t\t\t\t\t<!-- start \u0639\u0646\u0648\u0627\u0646 \u0627\u0644\u0635\u0641\u062d\u0629 -->\n\n\t\t\t<section class=\"page_banner shop_banner\" style=\"background-image: url(https:\/\/general-agro.com\/tr\/assets\/images\/bg\/b3.jpg);\">\n  <div class=\"container largeContainer\">\n    <div class=\"row\">\n      <div class=\"col-lg-12\">\n        <p class=\"breadcrumbs\">\n          <a href=\"https:\/\/general-agro.com\/tr\"><i class=\"twi-home\"><\/i>Anasayfa<\/a><i class=\"twi-angle-right\"><\/i>\n          \u0130leti\u015fim\n        <\/p>\n      <\/div>\n    <\/div>\n  <\/div>\n<\/section>\n\t\t\t<!-- end \u0639\u0646\u0648\u0627\u0646 \u0627\u0644\u0635\u0641\u062d\u0629 -->\t\t\t\t<\/div>\n\t\t\t\t<\/div>\n\t\t\t\t\t<\/div>\n\t\t<\/div>\n\t\t\t\t\t<\/div>\n\t\t<\/section>\n\t\t\t\t<section class=\"elementor-section elementor-top-section elementor-element elementor-element-0491709 elementor-section-full_width elementor-section-height-default elementor-section-height-default\" data-id=\"0491709\" data-element_type=\"section\">\n\t\t\t\t\t\t<div class=\"elementor-container elementor-column-gap-no\">\n\t\t\t\t\t<div class=\"elementor-column elementor-col-100 elementor-top-column elementor-element elementor-element-7194b3a\" data-id=\"7194b3a\" data-element_type=\"column\">\n\t\t\t<div class=\"elementor-widget-wrap elementor-element-populated\">\n\t\t\t\t\t\t<div class=\"elementor-element elementor-element-3d25689 elementor-widget elementor-widget-ucaddon_contact\" data-id=\"3d25689\" data-element_type=\"widget\" data-widget_type=\"ucaddon_contact.default\">\n\t\t\t\t<div class=\"elementor-widget-container\">\n\t\t\t\t\t\n<!-- Contact 1 start -->\n\n<section class=\"contactInfoSec\">\n        <div class=\"container largeContainer\">\n\t\t\t<div class=\"row\">\n\t\t\t\t<div class=\"col-lg-12 text-center\">\n\t\t\t\t<div class=\"subTitle sbsm\">Bize Ula\u015f\u0131n<\/div>\n\t\t\t\t<h2 class=\"secTitle\">Mesaj\u0131n\u0131z\u0131 b\u0131rak\u0131n, en k\u0131sa s\u00fcrede sizinle ileti\u015fime ge\u00e7ece\u011fiz<\/h2>\n\t\t\t\t<\/div>\n\t\t\t<\/div>\n            <div class=\"row\">\n                <div class=\"col-lg-7 mb85\">\n                    <div class=\"abThumb move_anim\">\n                        <img decoding=\"async\" class=\"abbg\" src=\"https:\/\/general-agro.com\/wp-content\/themes\/general\/assets\/images\/bg\/c2.png\" alt=\"\">\n                        <img decoding=\"async\" src=\"https:\/\/general-agro.com\/wp-content\/uploads\/2022\/06\/c1-1.png\" alt=\"\">\n                    <\/div>\n                <\/div>\n                <div class=\"col-lg-5\">\n                    <div class=\"contactbox\">\n                        <i class=\"twi-envelope\"><\/i>\n                        <h5><a href=\"mailto:info@general-agro.com\">info@general-agro.com<\/a>\n                        <\/h5>\n                    <\/div>\n                    <div class=\"contactbox\">\n\t\t\t\t\t\t\n                        <i class=\"twi-phone\"><\/i>\n\t\t\t\t\t\t                        <h5><a href=\"tel:+90 555 055 7600\"><span class=\"text-ltr\">+90 555 055 7600<\/span> - <span>Merkez Ofis<\/span><\/a>\n\t\t\t\t\t\t<\/h5>\n\t\t\t\t\t\t\t\t\t\t\t\t                        <h5>\n\t\t\t\t\t\t\t<a href=\"tel:+90 553 837 4965\"><span class=\"text-ltr\">+90 553 837 4965<\/span> - <span> Sorumlu<\/span><\/a>\n\t\t\t\t\t\t<\/h5>\n\t\t\t\t\t\t\t\t\t\t\t\t\t\t\t\t\t\t                        <h5>\n\t\t\t\t\t\t\t<a href=\"tel:+90 536 543 4975\"><span class=\"text-ltr\">+90 536 543 4975<\/span> - <span>Muhasebe<\/span><\/a>\n\t\t\t\t\t\t<\/h5>\n\t\t\t\t\t\t                    <\/div>\n                    <div class=\"contactbox last\">\n                        <i class=\"twi-map-marker-alt\"><\/i>\n\t\t\t\t\t\t\t\t\t\t\t\t<h5><a href=\"javascript:void(0)\" target=\"_blank\">CAM\u0130 \u015eER\u0130F MAH. \u0130SMET \u0130N\u00d6N\u00dc BLV. B\u0130NA: NA\u0130L G\u00d6KSU \u0130\u015eHANI Kat:2  Daire No:16 AKDENIZ \/ MERS\u0130N<\/a><\/h5>\n\t\t\t\t\t\t\t\t\t\t\t\t\t\t\t\t\t\t                    <\/div>\n\t\t\t\t\t\n                    <div class=\"conSocial\">\n\t\t\t\t\t\t<h5 class=\"text-center\">\n\t\t\t\t\t\t\tBizi takip et\n\t\t\t\t\t\t<\/h5>\n                                                        \n                                <a href=\"https:\/\/www.facebook.com\/\"><i class=\"twi-facebook-f\"><\/i><\/a>\n                                \n                                                                \n                                <a href=\"https:\/\/www.instagram.com\/\"><i class=\"twi-instagram\"><\/i><\/a>\n                                \n                                                                \n                                <a href=\"https:\/\/www.linkedin.com\/\"><i class=\"twi-linkedin-in\"><\/i><\/a>\n                                \n                                                    <\/div>\n                <\/div>\n            <\/div>\n            <div class=\"row\">\n                <div class=\"col-md-12 text-center\">\n                    <div class=\"contact_form\">\n                        <h2>Bize soru\u015fturma b\u0131rak\u0131n<\/h2>\n                        \n<div class=\"wpcf7 no-js\" id=\"wpcf7-f8-o1\" lang=\"en-US\" dir=\"ltr\" data-wpcf7-id=\"8\">\n<div class=\"screen-reader-response\"><p role=\"status\" aria-live=\"polite\" aria-atomic=\"true\"><\/p> <ul><\/ul><\/div>\n<form action=\"\/tr\/wp-json\/wp\/v2\/pages\/21#wpcf7-f8-o1\" method=\"post\" class=\"wpcf7-form init\" aria-label=\"Contact form\" novalidate=\"novalidate\" data-status=\"init\" data-trp-original-action=\"\/tr\/wp-json\/wp\/v2\/pages\/21#wpcf7-f8-o1\">\n<fieldset class=\"hidden-fields-container\"><input type=\"hidden\" name=\"_wpcf7\" value=\"8\" \/><input type=\"hidden\" name=\"_wpcf7_version\" value=\"6.1.3\" \/><input type=\"hidden\" name=\"_wpcf7_locale\" value=\"en_US\" \/><input type=\"hidden\" name=\"_wpcf7_unit_tag\" value=\"wpcf7-f8-o1\" \/><input type=\"hidden\" name=\"_wpcf7_container_post\" value=\"0\" \/><input type=\"hidden\" name=\"_wpcf7_posted_data_hash\" value=\"\" \/>\n<\/fieldset>\n<div class=\"row\" id=\"contact_form\">\n\t<div class=\"col-md-5\">\n\t\t<p><span class=\"wpcf7-form-control-wrap\" data-name=\"your-name\"><input size=\"40\" maxlength=\"400\" class=\"wpcf7-form-control wpcf7-text wpcf7-validates-as-required\" aria-required=\"true\" aria-invalid=\"false\" placeholder=\"Ad Soyad *\" value=\"\" type=\"text\" name=\"your-name\" \/><\/span><br \/>\n<span class=\"wpcf7-form-control-wrap\" data-name=\"your-email\"><input size=\"40\" maxlength=\"400\" class=\"wpcf7-form-control wpcf7-email wpcf7-validates-as-required wpcf7-text wpcf7-validates-as-email\" aria-required=\"true\" aria-invalid=\"false\" placeholder=\"E-Posta\" value=\"\" type=\"email\" name=\"your-email\" \/><\/span><br \/>\n<span class=\"wpcf7-form-control-wrap\" data-name=\"your-phone\"><input size=\"40\" maxlength=\"400\" class=\"wpcf7-form-control wpcf7-tel wpcf7-text wpcf7-validates-as-tel\" aria-invalid=\"false\" placeholder=\"Telefon\" value=\"\" type=\"tel\" name=\"your-phone\" \/><\/span>\n\t\t<\/p>\n\t<\/div>\n\t<div class=\"col-md-7\">\n\t\t<p><span class=\"wpcf7-form-control-wrap\" data-name=\"your-message\"><textarea cols=\"40\" rows=\"10\" maxlength=\"2000\" class=\"wpcf7-form-control wpcf7-textarea\" aria-invalid=\"false\" placeholder=\"Ileti ...\" name=\"your-message\"><\/textarea><\/span>\n\t\t<\/p>\n\t<\/div>\n\t<div class=\"col-md-12\">\n\t\t<p><input class=\"wpcf7-form-control wpcf7-submit has-spinner organ_btn\" type=\"submit\" value=\"G\u00f6ndermek\" \/>\n\t\t<\/p>\n\t\t<div class=\"con_message\">\n\t\t<\/div>\n\t<\/div>\n<\/div><div class=\"wpcf7-response-output\" aria-hidden=\"true\"><\/div>\n<input type=\"hidden\" name=\"trp-form-language\" value=\"tr\"\/><\/form>\n<\/div>\n                    <\/div>\n                <\/div>\n            <\/div>\n        <\/div>\n    <\/section>\n\n<!-- start \u0627\u0644\u062a\u0648\u0627\u0635\u0644 -->\n\n\t\t\t\n\t\t\t<!-- end \u0627\u0644\u062a\u0648\u0627\u0635\u0644 -->\t\t\t\t<\/div>\n\t\t\t\t<\/div>\n\t\t\t\t\t<\/div>\n\t\t<\/div>\n\t\t\t\t\t<\/div>\n\t\t<\/section>\n\t\t\t\t<\/div>","protected":false},"excerpt":{"rendered":"<p>\u0627\u0644\u0631\u0626\u064a\u0633\u064a\u0629 \u0627\u062a\u0635\u0644 \u0628\u0646\u0627 info@general.com +90 555 123 4567 &#8211; \u0627\u0644\u0645\u0643\u062a\u0628 \u0627\u0644\u0631\u0626\u064a\u0633\u064a +90 [&hellip;]<\/p>","protected":false},"author":1,"featured_media":0,"parent":0,"menu_order":0,"comment_status":"closed","ping_status":"closed","template":"","meta":{"footnotes":""},"class_list":["post-21","page","type-page","status-publish","hentry"],"acf":[],"_links":{"self":[{"href":"https:\/\/general-agro.com\/tr\/wp-json\/wp\/v2\/pages\/21","targetHints":{"allow":["GET"]}}],"collection":[{"href":"https:\/\/general-agro.com\/tr\/wp-json\/wp\/v2\/pages"}],"about":[{"href":"https:\/\/general-agro.com\/tr\/wp-json\/wp\/v2\/types\/page"}],"author":[{"embeddable":true,"href":"https:\/\/general-agro.com\/tr\/wp-json\/wp\/v2\/users\/1"}],"replies":[{"embeddable":true,"href":"https:\/\/general-agro.com\/tr\/wp-json\/wp\/v2\/comments?post=21"}],"version-history":[{"count":7,"href":"https:\/\/general-agro.com\/tr\/wp-json\/wp\/v2\/pages\/21\/revisions"}],"predecessor-version":[{"id":124,"href":"https:\/\/general-agro.com\/tr\/wp-json\/wp\/v2\/pages\/21\/revisions\/124"}],"wp:attachment":[{"href":"https:\/\/general-agro.com\/tr\/wp-json\/wp\/v2\/media?parent=21"}],"curies":[{"name":"wp","href":"https:\/\/api.w.org\/{rel}","templated":true}]}}