{"id":158,"date":"2022-06-21T17:28:46","date_gmt":"2022-06-21T17:28:46","guid":{"rendered":"http:\/\/localhost\/general\/?page_id=158"},"modified":"2022-09-13T11:11:34","modified_gmt":"2022-09-13T11:11:34","slug":"%d8%ad%d9%88%d9%84-%d8%a7%d9%84%d8%b4%d8%b1%d9%83%d8%a9","status":"publish","type":"page","link":"https:\/\/general-agro.com\/tr\/%d8%ad%d9%88%d9%84-%d8%a7%d9%84%d8%b4%d8%b1%d9%83%d8%a9\/","title":{"rendered":"Kurumsal"},"content":{"rendered":"<div data-elementor-type=\"wp-page\" data-elementor-id=\"158\" class=\"elementor elementor-158\">\n\t\t\t\t\t\t<section class=\"elementor-section elementor-top-section elementor-element elementor-element-4cbd4b1 elementor-section-full_width elementor-section-height-default elementor-section-height-default\" data-id=\"4cbd4b1\" data-element_type=\"section\">\n\t\t\t\t\t\t<div class=\"elementor-container elementor-column-gap-default\">\n\t\t\t\t\t<div class=\"elementor-column elementor-col-100 elementor-top-column elementor-element elementor-element-10b3f71\" data-id=\"10b3f71\" data-element_type=\"column\">\n\t\t\t<div class=\"elementor-widget-wrap elementor-element-populated\">\n\t\t\t\t\t\t<div class=\"elementor-element elementor-element-233c60f elementor-widget elementor-widget-ucaddon_breadcrumb\" data-id=\"233c60f\" data-element_type=\"widget\" data-widget_type=\"ucaddon_breadcrumb.default\">\n\t\t\t\t<div class=\"elementor-widget-container\">\n\t\t\t\t\t<!-- start \u0639\u0646\u0648\u0627\u0646 \u0627\u0644\u0635\u0641\u062d\u0629 -->\n\n\t\t\t<section class=\"page_banner shop_banner\" style=\"background-image: url(https:\/\/general-agro.com\/tr\/assets\/images\/bg\/b3.jpg);\">\n  <div class=\"container largeContainer\">\n    <div class=\"row\">\n      <div class=\"col-lg-12\">\n        <p class=\"breadcrumbs\">\n          <a href=\"https:\/\/general-agro.com\/tr\"><i class=\"twi-home\"><\/i>Anasayfa<\/a><i class=\"twi-angle-right\"><\/i>\n          Kurumsal\n        <\/p>\n      <\/div>\n    <\/div>\n  <\/div>\n<\/section>\n\t\t\t<!-- end \u0639\u0646\u0648\u0627\u0646 \u0627\u0644\u0635\u0641\u062d\u0629 -->\t\t\t\t<\/div>\n\t\t\t\t<\/div>\n\t\t\t\t\t<\/div>\n\t\t<\/div>\n\t\t\t\t\t<\/div>\n\t\t<\/section>\n\t\t\t\t<section class=\"elementor-section elementor-top-section elementor-element elementor-element-85ac90f elementor-section-full_width elementor-section-height-default elementor-section-height-default\" data-id=\"85ac90f\" data-element_type=\"section\">\n\t\t\t\t\t\t<div class=\"elementor-container elementor-column-gap-no\">\n\t\t\t\t\t<div class=\"elementor-column elementor-col-100 elementor-top-column elementor-element elementor-element-4f89eba\" data-id=\"4f89eba\" data-element_type=\"column\">\n\t\t\t<div class=\"elementor-widget-wrap elementor-element-populated\">\n\t\t\t\t\t\t<div class=\"elementor-element elementor-element-966f92b elementor-widget elementor-widget-ucaddon_about\" data-id=\"966f92b\" data-element_type=\"widget\" data-widget_type=\"ucaddon_about.default\">\n\t\t\t\t<div class=\"elementor-widget-container\">\n\t\t\t\t\t<!-- start \u062d\u0648\u0644 \u0627\u0644\u0634\u0631\u0643\u0629 -->\n\n\t\t\t<section class=\"aboutSection01\">\n  <div class=\"container largeContainer\">\n    <div class=\"row\">\n      <div class=\"col-lg-6 col-md-6\">\n        <div class=\"abThumb move_anim\">\n          <img decoding=\"async\" class=\"abbg\" src=\"https:\/\/general-agro.com\/tr\/assets\/images\/bg\/7.png\" alt=\"\" \/>\n          <img decoding=\"async\" src=\"https:\/\/general-agro.com\/wp-content\/uploads\/2022\/06\/1.png\" alt=\"\" \/>\n        <\/div>\n      <\/div>\n      <div class=\"col-lg-6 col-md-6\">\n        <div class=\"ab_content_01\">\n          <div class=\"subTitle\">HAKKIMIZDA<\/div>\n          <h2 class=\"secTitle\">GIDA MADDELER\u0130N\u0130N \u0130THALAT VE \u0130HRACATI<\/h2>\n          <p class=\"secDesc\">\n            General Agro Group, 2000 y\u0131l\u0131nda Suriye'de kurulmu\u015f ve o zamandan beri pazar\u0131n ihtiya\u00e7lar\u0131n\u0131 g\u00fcvence alt\u0131na almay\u0131 ve y\u00fcksek kalitede farkl\u0131 g\u0131da \u00fcr\u00fcnleri sunmay\u0131 bir \u00f6ncelik haline getirmi\u015ftir.  Bu \u00fcr\u00fcnlerin kalitesi ve t\u00fcketicilerin kendilerine olan talebini art\u0131ran g\u00fcveni sayesinde , 2018 y\u0131l\u0131nda T\u00fcrkiye pazar\u0131na giren \u015firket, yeni ana \u015fubesinin merkezi olarak Mersin'i ald\u0131.  General Agro Group, m\u00fc\u015fterilerinin t\u00fcm pazar ihtiya\u00e7lar\u0131n\u0131 en iyi uluslararas\u0131 fabrikalarla paketlenmi\u015f en kaliteli \u00fcr\u00fcnlerle kar\u015f\u0131lama ve onlara en modern ve modern yollarla yap\u0131lm\u0131\u015f benzersiz \u00fcr\u00fcnler sunma konusundaki de\u011fi\u015fmez slogan\u0131na kendini adam\u0131\u015ft\u0131r.\n          <\/p>\n          \n          <div class=\"icon_box_02\">\n  <div class=\"ibImg\">\n    <img decoding=\"async\" src=\"https:\/\/general-agro.com\/wp-content\/uploads\/2022\/06\/i2.png\" alt=\"\" \/>\n  <\/div>\n  <h3>Hedeflerimiz<\/h3>\n  <p>\n    General Ageo Group, g\u0131da maddeleri ithalat\u0131 , ihracat ve da\u011f\u0131t\u0131m\u0131 alan\u0131nda lider ve sayg\u0131n \u015firketlerden biridir.  Her zaman t\u00fcm deneyimlerimizi sunmaya \u00e7al\u0131\u015f\u0131yoruz ve Ortado\u011fu'da kendi \u00e7al\u0131\u015fma alan\u0131m\u0131zda ilk \u015firketlerden biri olmay\u0131 hedefliyoruz.  Uygulamada deneyim ve h\u0131za sahip uzman bir ekibe sahip olmaktan gurur duyuyor, pazardaki ilk \u015firket olmak i\u00e7in Arap ve T\u00fcrkiye pazarlar\u0131ndaki \u00e7al\u0131\u015fmalar\u0131m\u0131z\u0131 ve ili\u015fkilerimizi geni\u015fletmeye hevesliyiz.\n  <\/p>\n<\/div>\n           \n          <a href=\"https:\/\/general-agro.com\/tr\/%d8%a7%d9%84%d9%85%d9%86%d8%aa%d8%ac%d8%a7%d8%aa\/\" class=\"organ_btn\">\u00dcr\u00fcnler<i class=\"twi-arrow-right1\"><\/i><\/a>\n        <\/div>\n      <\/div>\n    <\/div>\n  <\/div>\n<\/section>\n\t\t\t<!-- end \u062d\u0648\u0644 \u0627\u0644\u0634\u0631\u0643\u0629 -->\t\t\t\t<\/div>\n\t\t\t\t<\/div>\n\t\t\t\t\t<\/div>\n\t\t<\/div>\n\t\t\t\t\t<\/div>\n\t\t<\/section>\n\t\t\t\t<section class=\"elementor-section elementor-top-section elementor-element elementor-element-3bc582e elementor-section-full_width elementor-section-height-default elementor-section-height-default\" data-id=\"3bc582e\" data-element_type=\"section\">\n\t\t\t\t\t\t<div class=\"elementor-container elementor-column-gap-no\">\n\t\t\t\t\t<div class=\"elementor-column elementor-col-100 elementor-top-column elementor-element elementor-element-37be2c8\" data-id=\"37be2c8\" data-element_type=\"column\">\n\t\t\t<div class=\"elementor-widget-wrap elementor-element-populated\">\n\t\t\t\t\t\t<div class=\"elementor-element elementor-element-a520315 elementor-widget elementor-widget-ucaddon_clients\" data-id=\"a520315\" data-element_type=\"widget\" data-widget_type=\"ucaddon_clients.default\">\n\t\t\t\t<div class=\"elementor-widget-container\">\n\t\t\t\t\t<!-- start \u0627\u0644\u0639\u0645\u0644\u0627\u0621 -->\n\n\t\t\t<section class=\"clientLogo01\">\n  <div class=\"container largeContainer\">\n    <div class=\"row\">\n      <div class=\"col-xl-5 col-lg-12\">\n        <div class=\"subTitle\">Distrib\u00fct\u00f6rler<\/div>\n        <h2 class=\"secTitle\">\n           D\u00fcnya \u00e7ap\u0131ndaki ortaklar\u0131m\u0131z <br> ve distrib\u00fct\u00f6rlerimiz\n        <\/h2>\n        <p class=\"secDesc\">\n         T\u00fcm ihtiya\u00e7lar\u0131n en h\u0131zl\u0131 zamanda ve en d\u00fc\u015f\u00fck maliyetle kar\u015f\u0131lanmas\u0131n\u0131 sa\u011flamak i\u00e7in d\u00fcnya \u00e7ap\u0131nda birden fazla g\u00fcvenilir distrib\u00fct\u00f6r\u00fcm\u00fcz var.\n        <\/p>\n      <\/div>\n      <div class=\"col-xl-7 col-lg-12\">\n        <div class=\"client-slider owl-carousel\">\n          <a href=\"javascript:void(0);\"><img decoding=\"async\" src=\"https:\/\/general-agro.com\/wp-content\/uploads\/2022\/06\/1-1-1.png\" alt=\"\" \/><\/a>\n<a href=\"javascript:void(0);\"><img decoding=\"async\" src=\"https:\/\/general-agro.com\/wp-content\/uploads\/2022\/06\/1-1-1.png\" alt=\"\" \/><\/a>\n<a href=\"javascript:void(0);\"><img decoding=\"async\" src=\"https:\/\/general-agro.com\/wp-content\/uploads\/2022\/06\/2-1-1.png\" alt=\"\" \/><\/a>\n<a href=\"javascript:void(0);\"><img decoding=\"async\" src=\"https:\/\/general-agro.com\/wp-content\/uploads\/2022\/06\/3.png\" alt=\"\" \/><\/a>\n<a href=\"javascript:void(0);\"><img decoding=\"async\" src=\"https:\/\/general-agro.com\/wp-content\/uploads\/2022\/06\/3.png\" alt=\"\" \/><\/a>\n<a href=\"javascript:void(0);\"><img decoding=\"async\" src=\"https:\/\/general-agro.com\/wp-content\/uploads\/2022\/06\/1-2-1.png\" alt=\"\" \/><\/a>\n<a href=\"javascript:void(0);\"><img decoding=\"async\" src=\"https:\/\/general-agro.com\/wp-content\/uploads\/2022\/06\/1-2-1.png\" alt=\"\" \/><\/a>\n<a href=\"javascript:void(0);\"><img decoding=\"async\" src=\"https:\/\/general-agro.com\/wp-content\/uploads\/2022\/06\/2-2-1.png\" alt=\"\" \/><\/a>\n         <\/div>\n      <\/div>\n    <\/div>\n  <\/div>\n<\/section>\n\t\t\t<!-- end \u0627\u0644\u0639\u0645\u0644\u0627\u0621 -->\t\t\t\t<\/div>\n\t\t\t\t<\/div>\n\t\t\t\t\t<\/div>\n\t\t<\/div>\n\t\t\t\t\t<\/div>\n\t\t<\/section>\n\t\t\t\t<section class=\"elementor-section elementor-top-section elementor-element elementor-element-722a80d elementor-section-full_width elementor-section-height-default elementor-section-height-default\" data-id=\"722a80d\" data-element_type=\"section\">\n\t\t\t\t\t\t<div class=\"elementor-container elementor-column-gap-no\">\n\t\t\t\t\t<div class=\"elementor-column elementor-col-100 elementor-top-column elementor-element elementor-element-005bff8\" data-id=\"005bff8\" data-element_type=\"column\">\n\t\t\t<div class=\"elementor-widget-wrap elementor-element-populated\">\n\t\t\t\t\t\t<div class=\"elementor-element elementor-element-1ecb40d elementor-widget elementor-widget-ucaddon_features\" data-id=\"1ecb40d\" data-element_type=\"widget\" data-widget_type=\"ucaddon_features.default\">\n\t\t\t\t<div class=\"elementor-widget-container\">\n\t\t\t\t\t<!-- start \u0627\u0644\u0645\u0645\u064a\u0632\u0627\u062a -->\n\n\t\t\t<section class=\"ctaSection01\">\n  <div class=\"container largeContainer\">\n    <div class=\"row\">\n      <div class=\"col-xl-4 col-lg-12\">\n        <ul class=\"nav organTab\" id=\"organTab\" role=\"tablist\">\n          <li>\n  <a class=\"\" data-toggle=\"tab\" href=\"javascript:void(0);\" role=\"tab\" aria-selected=\"false\">\n    <img decoding=\"async\" src=\"https:\/\/general-agro.com\/wp-content\/uploads\/2022\/06\/i3.png\" alt=\"\" \/>Sa\u011fl\u0131k \u00dcr\u00fcnleri \n  <\/a>\n<\/li>\n<li>\n  <a class=\"\" data-toggle=\"tab\" href=\"javascript:void(0);\" role=\"tab\" aria-selected=\"false\">\n    <img decoding=\"async\" src=\"https:\/\/general-agro.com\/wp-content\/uploads\/2022\/06\/i4.png\" alt=\"\" \/>Taze \u00dcr\u00fcnler \n  <\/a>\n<\/li>\n<li>\n  <a class=\"\" data-toggle=\"tab\" href=\"javascript:void(0);\" role=\"tab\" aria-selected=\"false\">\n    <img decoding=\"async\" src=\"https:\/\/general-agro.com\/wp-content\/uploads\/2022\/06\/i5.png\" alt=\"\" \/>\u00d6zenle Haz\u0131rlanm\u0131\u015f \n  <\/a>\n<\/li>\n         <\/ul>\n      <\/div>\n      <div class=\"col-xl-8 col-lg-12\">\n        <div class=\"tab-content anim-right\">\n          <div class=\"tab-pane fade show active\" id=\"healthy_food\" role=\"tabpanel\">\n            <div class=\"organTabContent\">\n              <div class=\"row\">\n                \n                <div class=\"col-md-12 clLeft\">\n                  <div class=\"subTitle\">\u00dcr\u00fcn \u00d6zelliklerimiz<\/div>\n                  <h2 class=\"secTitle\">\n                    Ekimden \u00fcretime kadar \u00f6zenle i\u015flenmi\u015ftir.\n                  <\/h2>\n                  <p>\n                    G\u0131da, d\u00fcnyan\u0131n \u00e7e\u015fitli \u00fclkelerine ihra\u00e7 edilen en \u00f6nemli mal ve \u00fcr\u00fcnlerden biridir, bu nedenle \u00fcr\u00fcnlerimizi rekabet\u00e7i fiyatlarla y\u00fcksek kalite sunabildik.\n                  <\/p>\n                  <a href=\"https:\/\/general-agro.com\/tr\/%d8%a7%d8%aa%d8%b5%d9%84-%d8%a8%d9%86%d8%a7\/\" class=\"organ_btn\">\u0130leti\u015fim<i class=\"twi-arrow-right1\"><\/i><\/a>\n                <\/div>\n              <\/div>\n            <\/div>\n          <\/div>\n        <\/div>\n      <\/div>\n    <\/div>\n  <\/div>\n<\/section>\n\t\t\t<!-- end \u0627\u0644\u0645\u0645\u064a\u0632\u0627\u062a -->\t\t\t\t<\/div>\n\t\t\t\t<\/div>\n\t\t\t\t\t<\/div>\n\t\t<\/div>\n\t\t\t\t\t<\/div>\n\t\t<\/section>\n\t\t\t\t<section class=\"elementor-section elementor-top-section elementor-element elementor-element-8e9d0a4 elementor-section-full_width elementor-section-height-default elementor-section-height-default\" data-id=\"8e9d0a4\" data-element_type=\"section\">\n\t\t\t\t\t\t<div class=\"elementor-container elementor-column-gap-no\">\n\t\t\t\t\t<div class=\"elementor-column elementor-col-100 elementor-top-column elementor-element elementor-element-cedd3c6\" data-id=\"cedd3c6\" data-element_type=\"column\">\n\t\t\t<div class=\"elementor-widget-wrap elementor-element-populated\">\n\t\t\t\t\t\t<div class=\"elementor-element elementor-element-15af70a elementor-widget elementor-widget-ucaddon_testimonial\" data-id=\"15af70a\" data-element_type=\"widget\" data-widget_type=\"ucaddon_testimonial.default\">\n\t\t\t\t<div class=\"elementor-widget-container\">\n\t\t\t\t\t<!-- start \u0631\u0623\u064a \u0627\u0644\u0639\u0645\u0644\u0627\u0621 -->\n\n\t\t\t<section class=\"testimonialSec01\">\n  <div class=\"container\">\n    <div class=\"row\">\n      <div class=\"col-lg-12 text-center\">\n        <div class=\"subTitle\">Referanslar<\/div>\n        <h2 class=\"secTitle\">D\u00fczenli m\u00fc\u015fterilerimiz bizim i\u00e7in ne dedi?<\/h2>\n        <div class=\"testimonial01\">\n          <div class=\"testicontent01\">\n\t\t\t<div class=\"item\">\n  <div class=\"ratings\">\n    <i class=\"twi-star\"><\/i>\n    <i class=\"twi-star\"><\/i>\n    <i class=\"twi-star\"><\/i>\n    <i class=\"twi-star\"><\/i>\n    <i class=\"twi-star\"><\/i>\n  <\/div>\n  <p>\n    Bu metin, ayn\u0131 alanda de\u011fi\u015ftirilebilen bir metin \u00f6rne\u011fidir.Bu metin, uygulama taraf\u0131ndan olu\u015fturulan karakter say\u0131s\u0131n\u0131 art\u0131rman\u0131n yan\u0131 s\u0131ra, bu t\u00fcr metinleri veya di\u011fer bir\u00e7ok metni olu\u015fturabilece\u011finiz Arap\u00e7a metin \u00fcreticisinden olu\u015fturulmu\u015ftur.\n  <\/p>\n<\/div>\n<div class=\"item\">\n  <div class=\"ratings\">\n    <i class=\"twi-star\"><\/i>\n    <i class=\"twi-star\"><\/i>\n    <i class=\"twi-star\"><\/i>\n    <i class=\"twi-star\"><\/i>\n    <i class=\"twi-star\"><\/i>\n  <\/div>\n  <p>\n    Bu metin, ayn\u0131 alanda de\u011fi\u015ftirilebilen bir metin \u00f6rne\u011fidir.Bu metin, uygulama taraf\u0131ndan olu\u015fturulan karakter say\u0131s\u0131n\u0131 art\u0131rman\u0131n yan\u0131 s\u0131ra, bu t\u00fcr metinleri veya di\u011fer bir\u00e7ok metni olu\u015fturabilece\u011finiz Arap\u00e7a metin \u00fcreticisinden olu\u015fturulmu\u015ftur.\n  <\/p>\n<\/div>\n<div class=\"item\">\n  <div class=\"ratings\">\n    <i class=\"twi-star\"><\/i>\n    <i class=\"twi-star\"><\/i>\n    <i class=\"twi-star\"><\/i>\n    <i class=\"twi-star\"><\/i>\n    <i class=\"twi-star\"><\/i>\n  <\/div>\n  <p>\n    Bu metin, ayn\u0131 alanda de\u011fi\u015ftirilebilen bir metin \u00f6rne\u011fidir.Bu metin, uygulama taraf\u0131ndan olu\u015fturulan karakter say\u0131s\u0131n\u0131 art\u0131rman\u0131n yan\u0131 s\u0131ra, bu t\u00fcr metinleri veya di\u011fer bir\u00e7ok metni olu\u015fturabilece\u011finiz Arap\u00e7a metin \u00fcreticisinden olu\u015fturulmu\u015ftur.\n  <\/p>\n<\/div>\n<div class=\"item\">\n  <div class=\"ratings\">\n    <i class=\"twi-star\"><\/i>\n    <i class=\"twi-star\"><\/i>\n    <i class=\"twi-star\"><\/i>\n    <i class=\"twi-star\"><\/i>\n    <i class=\"twi-star\"><\/i>\n  <\/div>\n  <p>\n    Bu metin, ayn\u0131 alanda de\u011fi\u015ftirilebilen bir metin \u00f6rne\u011fidir.Bu metin, uygulama taraf\u0131ndan olu\u015fturulan karakter say\u0131s\u0131n\u0131 art\u0131rman\u0131n yan\u0131 s\u0131ra, bu t\u00fcr metinleri veya di\u011fer bir\u00e7ok metni olu\u015fturabilece\u011finiz Arap\u00e7a metin \u00fcreticisinden olu\u015fturulmu\u015ftur.\n  <\/p>\n<\/div>\n<div class=\"item\">\n  <div class=\"ratings\">\n    <i class=\"twi-star\"><\/i>\n    <i class=\"twi-star\"><\/i>\n    <i class=\"twi-star\"><\/i>\n    <i class=\"twi-star\"><\/i>\n    <i class=\"twi-star\"><\/i>\n  <\/div>\n  <p>\n    Bu metin, ayn\u0131 alanda de\u011fi\u015ftirilebilen bir metin \u00f6rne\u011fidir.Bu metin, uygulama taraf\u0131ndan olu\u015fturulan karakter say\u0131s\u0131n\u0131 art\u0131rman\u0131n yan\u0131 s\u0131ra, bu t\u00fcr metinleri veya di\u011fer bir\u00e7ok metni olu\u015fturabilece\u011finiz Arap\u00e7a metin \u00fcreticisinden olu\u015fturulmu\u015ftur.\n  <\/p>\n<\/div>\n<div class=\"item\">\n  <div class=\"ratings\">\n    <i class=\"twi-star\"><\/i>\n    <i class=\"twi-star\"><\/i>\n    <i class=\"twi-star\"><\/i>\n    <i class=\"twi-star\"><\/i>\n    <i class=\"twi-star\"><\/i>\n  <\/div>\n  <p>\n    Bu metin, ayn\u0131 alanda de\u011fi\u015ftirilebilen bir metin \u00f6rne\u011fidir.Bu metin, uygulama taraf\u0131ndan olu\u015fturulan karakter say\u0131s\u0131n\u0131 art\u0131rman\u0131n yan\u0131 s\u0131ra, bu t\u00fcr metinleri veya di\u011fer bir\u00e7ok metni olu\u015fturabilece\u011finiz Arap\u00e7a metin \u00fcreticisinden olu\u015fturulmu\u015ftur.\n  <\/p>\n<\/div>\n<div class=\"item\">\n  <div class=\"ratings\">\n    <i class=\"twi-star\"><\/i>\n    <i class=\"twi-star\"><\/i>\n    <i class=\"twi-star\"><\/i>\n    <i class=\"twi-star\"><\/i>\n    <i class=\"twi-star\"><\/i>\n  <\/div>\n  <p>\n    Bu metin, ayn\u0131 alanda de\u011fi\u015ftirilebilen bir metin \u00f6rne\u011fidir.Bu metin, uygulama taraf\u0131ndan olu\u015fturulan karakter say\u0131s\u0131n\u0131 art\u0131rman\u0131n yan\u0131 s\u0131ra, bu t\u00fcr metinleri veya di\u011fer bir\u00e7ok metni olu\u015fturabilece\u011finiz Arap\u00e7a metin \u00fcreticisinden olu\u015fturulmu\u015ftur.\n  <\/p>\n<\/div>\n<div class=\"item\">\n  <div class=\"ratings\">\n    <i class=\"twi-star\"><\/i>\n    <i class=\"twi-star\"><\/i>\n    <i class=\"twi-star\"><\/i>\n    <i class=\"twi-star\"><\/i>\n    <i class=\"twi-star\"><\/i>\n  <\/div>\n  <p>\n    Bu metin, ayn\u0131 alanda de\u011fi\u015ftirilebilen bir metin \u00f6rne\u011fidir.Bu metin, uygulama taraf\u0131ndan olu\u015fturulan karakter say\u0131s\u0131n\u0131 art\u0131rman\u0131n yan\u0131 s\u0131ra, bu t\u00fcr metinleri veya di\u011fer bir\u00e7ok metni olu\u015fturabilece\u011finiz Arap\u00e7a metin \u00fcreticisinden olu\u015fturulmu\u015ftur.\n  <\/p>\n<\/div>\n<div class=\"item\">\n  <div class=\"ratings\">\n    <i class=\"twi-star\"><\/i>\n    <i class=\"twi-star\"><\/i>\n    <i class=\"twi-star\"><\/i>\n    <i class=\"twi-star\"><\/i>\n    <i class=\"twi-star\"><\/i>\n  <\/div>\n  <p>\n    Bu metin, ayn\u0131 alanda de\u011fi\u015ftirilebilen bir metin \u00f6rne\u011fidir.Bu metin, uygulama taraf\u0131ndan olu\u015fturulan karakter say\u0131s\u0131n\u0131 art\u0131rman\u0131n yan\u0131 s\u0131ra, bu t\u00fcr metinleri veya di\u011fer bir\u00e7ok metni olu\u015fturabilece\u011finiz Arap\u00e7a metin \u00fcreticisinden olu\u015fturulmu\u015ftur.\n  <\/p>\n<\/div>\n           <\/div>\n          \n          <div class=\"testimonialNav\">\n\t\t\t<div class=\"item\">\n  <div class=\"autho_thumb\">\n    <img decoding=\"async\" src=\"https:\/\/general-agro.com\/wp-content\/uploads\/2022\/06\/a1.png\" alt=\"\" \/>\n  <\/div>\n  <div class=\"test_author\">\n    <h5>Kayan Dijital \u00c7\u00f6z\u00fcmler<\/h5>\n  <\/div>\n<\/div>\n<div class=\"item\">\n  <div class=\"autho_thumb\">\n    <img decoding=\"async\" src=\"https:\/\/general-agro.com\/wp-content\/uploads\/2022\/06\/a1.png\" alt=\"\" \/>\n  <\/div>\n  <div class=\"test_author\">\n    <h5>Kayan Dijital \u00c7\u00f6z\u00fcmler<\/h5>\n  <\/div>\n<\/div>\n<div class=\"item\">\n  <div class=\"autho_thumb\">\n    <img decoding=\"async\" src=\"https:\/\/general-agro.com\/wp-content\/uploads\/2022\/06\/a1.png\" alt=\"\" \/>\n  <\/div>\n  <div class=\"test_author\">\n    <h5>Kayan Dijital \u00c7\u00f6z\u00fcmler<\/h5>\n  <\/div>\n<\/div>\n<div class=\"item\">\n  <div class=\"autho_thumb\">\n    <img decoding=\"async\" src=\"https:\/\/general-agro.com\/wp-content\/uploads\/2022\/06\/a1.png\" alt=\"\" \/>\n  <\/div>\n  <div class=\"test_author\">\n    <h5>Kayan Dijital \u00c7\u00f6z\u00fcmler<\/h5>\n  <\/div>\n<\/div>\n<div class=\"item\">\n  <div class=\"autho_thumb\">\n    <img decoding=\"async\" src=\"https:\/\/general-agro.com\/wp-content\/uploads\/2022\/06\/a1.png\" alt=\"\" \/>\n  <\/div>\n  <div class=\"test_author\">\n    <h5>Kayan Dijital \u00c7\u00f6z\u00fcmler<\/h5>\n  <\/div>\n<\/div>\n<div class=\"item\">\n  <div class=\"autho_thumb\">\n    <img decoding=\"async\" src=\"https:\/\/general-agro.com\/wp-content\/uploads\/2022\/06\/a1.png\" alt=\"\" \/>\n  <\/div>\n  <div class=\"test_author\">\n    <h5>Kayan Dijital \u00c7\u00f6z\u00fcmler<\/h5>\n  <\/div>\n<\/div>\n<div class=\"item\">\n  <div class=\"autho_thumb\">\n    <img decoding=\"async\" src=\"https:\/\/general-agro.com\/wp-content\/uploads\/2022\/06\/a1.png\" alt=\"\" \/>\n  <\/div>\n  <div class=\"test_author\">\n    <h5>Kayan Dijital \u00c7\u00f6z\u00fcmler<\/h5>\n  <\/div>\n<\/div>\n<div class=\"item\">\n  <div class=\"autho_thumb\">\n    <img decoding=\"async\" src=\"https:\/\/general-agro.com\/wp-content\/uploads\/2022\/06\/a1.png\" alt=\"\" \/>\n  <\/div>\n  <div class=\"test_author\">\n    <h5>Kayan Dijital \u00c7\u00f6z\u00fcmler<\/h5>\n  <\/div>\n<\/div>\n<div class=\"item\">\n  <div class=\"autho_thumb\">\n    <img decoding=\"async\" src=\"https:\/\/general-agro.com\/wp-content\/uploads\/2022\/06\/a1.png\" alt=\"\" \/>\n  <\/div>\n  <div class=\"test_author\">\n    <h5>Kayan Dijital \u00c7\u00f6z\u00fcmler<\/h5>\n  <\/div>\n<\/div>\n\n          <\/div>\n        <\/div>\n      <\/div>\n    <\/div>\n  <\/div>\n<\/section>\n\t\t\t<!-- end \u0631\u0623\u064a \u0627\u0644\u0639\u0645\u0644\u0627\u0621 -->\t\t\t\t<\/div>\n\t\t\t\t<\/div>\n\t\t\t\t\t<\/div>\n\t\t<\/div>\n\t\t\t\t\t<\/div>\n\t\t<\/section>\n\t\t\t\t<\/div>","protected":false},"excerpt":{"rendered":"<p>\u0627\u0644\u0631\u0626\u064a\u0633\u064a\u0629 \u062d\u0648\u0644 \u0627\u0644\u0634\u0631\u0643\u0629 \u062d\u0648\u0644\u0646\u0627 \u0627\u0633\u062a\u064a\u0631\u0627\u062f \u0648\u062a\u0635\u062f\u064a\u0631 \u0627\u0644\u0645\u0648\u0627\u062f \u0627\u0644\u063a\u0630\u0627\u0626\u064a\u0629 \u062a\u0623\u0633\u0633\u062a \u0645\u062c\u0645\u0648\u0639\u0629 \u062c\u0646\u0631\u0627\u0644 \u0627\u0643\u0631\u0648 [&hellip;]<\/p>","protected":false},"author":1,"featured_media":0,"parent":0,"menu_order":0,"comment_status":"closed","ping_status":"closed","template":"","meta":{"footnotes":""},"class_list":["post-158","page","type-page","status-publish","hentry"],"acf":[],"_links":{"self":[{"href":"https:\/\/general-agro.com\/tr\/wp-json\/wp\/v2\/pages\/158","targetHints":{"allow":["GET"]}}],"collection":[{"href":"https:\/\/general-agro.com\/tr\/wp-json\/wp\/v2\/pages"}],"about":[{"href":"https:\/\/general-agro.com\/tr\/wp-json\/wp\/v2\/types\/page"}],"author":[{"embeddable":true,"href":"https:\/\/general-agro.com\/tr\/wp-json\/wp\/v2\/users\/1"}],"replies":[{"embeddable":true,"href":"https:\/\/general-agro.com\/tr\/wp-json\/wp\/v2\/comments?post=158"}],"version-history":[{"count":22,"href":"https:\/\/general-agro.com\/tr\/wp-json\/wp\/v2\/pages\/158\/revisions"}],"predecessor-version":[{"id":320,"href":"https:\/\/general-agro.com\/tr\/wp-json\/wp\/v2\/pages\/158\/revisions\/320"}],"wp:attachment":[{"href":"https:\/\/general-agro.com\/tr\/wp-json\/wp\/v2\/media?parent=158"}],"curies":[{"name":"wp","href":"https:\/\/api.w.org\/{rel}","templated":true}]}}